{"id":3764,"date":"2019-02-06T16:39:52","date_gmt":"2019-02-06T15:39:52","guid":{"rendered":"https:\/\/www.coaching-im-business.de\/?page_id=3764"},"modified":"2020-04-27T12:21:15","modified_gmt":"2020-04-27T10:21:15","slug":"nicole-schlueter","status":"publish","type":"page","link":"https:\/\/coaching-im-business.de\/en\/contact\/nicole-schlueter\/","title":{"rendered":"Nicole Schl\u00fcter"},"content":{"rendered":"<div class=\"wpb-content-wrapper\"><p>[vc_section full_width=&#8221;stretch_row&#8221; css=&#8221;.vc_custom_1490366918555{margin-top: 30px !important;}&#8221;][vc_row el_class=&#8221;content-box&#8221;][vc_column width=&#8221;2\/6&#8243;][vc_single_image image=&#8221;2812&#8243; img_size=&#8221;full&#8221; el_class=&#8221;schatten-rechts-unten&#8221;][\/vc_column][vc_column width=&#8221;3\/6&#8243; css=&#8221;.vc_custom_1490376922090{margin-right: 0px !important;}&#8221;][vc_column_text css=&#8221;.vc_custom_1551177940089{margin-right: 0px !important;}&#8221;]<\/p>\n<h2>Nicole Schl\u00fcter<\/h2>\n<p>As a thruster organiser, I love to find good and fast solutions for our clients. Feel free to contact me in regard to your questions and concerns all round coaching and our further education programs (e.g. business coach).<\/p>\n<p>I enjoy being your first contact partner and see to it that processes and organisation run well in the background.<\/p>\n<p>It is particularly pleasant for me to be in an environment in which the focus is on people and the monitoring of their personal further development.<\/p>\n<p>\u201cYou should take things as they come. But, you should also make sure that things come as you would like to take them.\u201d Based loosely on Curt Goetz[\/vc_column_text][\/vc_column][vc_column width=&#8221;1\/6&#8243;][\/vc_column][\/vc_row][\/vc_section][vc_section full_width=&#8221;stretch_row&#8221; css=&#8221;.vc_custom_1545395509715{margin-top: 75px !important;}&#8221; el_class=&#8221;trenner-verlauf&#8221;][vc_row el_class=&#8221;content-box&#8221;][vc_column width=&#8221;1\/2&#8243; el_class=&#8221;content-left&#8221; css=&#8221;.vc_custom_1545395451418{padding-top: 26px !important;padding-bottom: 26px !important;}&#8221;][vc_raw_html]JTNDYSUyMGhyZWYlM0QlMjJodHRwcyUzQSUyRiUyRnd3dy5jb2FjaGluZy1pbS1idXNpbmVzcy5kZSUyRmVuJTJGY29udGFjdCUyRiUyMiUzRSUzQ2klMjBjbGFzcyUzRCUyMnNwcml0ZSUyMHNwcml0ZS11ZWJlcnNpY2h0LUljb24lMjIlM0UlM0MlMkZpJTNFJTNDc3BhbiUyMGNsYXNzJTNEJTIyenVyLXVlYmVyc2ljaHQlMjIlM0ViYWNrJTIwdG8lMjBvdmVydmlldyUzQyUyRnNwYW4lM0UlM0MlMkZhJTNF[\/vc_raw_html][\/vc_column][vc_column width=&#8221;1\/2&#8243; el_class=&#8221;content-right&#8221; css=&#8221;.vc_custom_1545395459955{padding-top: 26px !important;padding-bottom: 26px !important;}&#8221;][vc_raw_html]JTNDYSUyMGhyZWYlM0QlMjJodHRwcyUzQSUyRiUyRnd3dy5jb2FjaGluZy1pbS1idXNpbmVzcy5kZSUyRmVuJTJGY29udGFjdCUyRmpha29iYS1zdWNoc2xhbmQlMkYlMjIlM0UlM0NzcGFuJTIwY2xhc3MlM0QlMjJ3ZWl0ZXJlLWV4cGVydGVuJTIyJTNFc2hvdyUyMG1vcmUlMjB0ZWFtJTIwbWVtYmVycyUzQyUyRnNwYW4lM0UlM0NpJTIwY2xhc3MlM0QlMjJzcHJpdGUlMjBzcHJpdGUtZXhwZXJ0ZW4tSWNvbiUyMiUzRSUzQyUyRmklM0UlM0MlMkZhJTNF[\/vc_raw_html][\/vc_column][\/vc_row][\/vc_section]<\/p>\n<\/div>","protected":false},"excerpt":{"rendered":"<p>[vc_section full_width=&#8221;stretch_row&#8221; css=&#8221;.vc_custom_1490366918555{margin-top: 30px !important;}&#8221;][vc_row el_class=&#8221;content-box&#8221;][vc_column width=&#8221;2\/6&#8243;][vc_single_image image=&#8221;2812&#8243; img_size=&#8221;full&#8221; el_class=&#8221;schatten-rechts-unten&#8221;][\/vc_column][vc_column width=&#8221;3\/6&#8243; css=&#8221;.vc_custom_1490376922090{margin-right: 0px !important;}&#8221;][vc_column_text css=&#8221;.vc_custom_1551177940089{margin-right: 0px !important;}&#8221;] Nicole Schl\u00fcter As a thruster organiser, I love to find good and fast solutions for our clients. Feel free to contact me in regard to your questions and concerns all round coaching and our further education programs (e.g. [&hellip;]<\/p>\n","protected":false},"author":15,"featured_media":0,"parent":1773,"menu_order":0,"comment_status":"closed","ping_status":"closed","template":"","meta":{"footnotes":""},"class_list":["post-3764","page","type-page","status-publish","hentry"],"yoast_head":"<!-- This site is optimized with the Yoast SEO plugin v27.3 - https:\/\/yoast.com\/product\/yoast-seo-wordpress\/ -->\n<title>Nicole Schl\u00fcter - BCA Business Coaching Akademie Hamburg<\/title>\n<meta name=\"description\" content=\"Contact our office team in Hamburg and L\u00fcbeck: Nicole Schl\u00fcter - BCA Business Coaching Akademie GmbH &amp; Co. KG, E-Mail: kontakt@coaching-im-business.de\" \/>\n<meta name=\"robots\" content=\"index, follow, max-snippet:-1, max-image-preview:large, max-video-preview:-1\" \/>\n<link rel=\"canonical\" href=\"https:\/\/coaching-im-business.de\/en\/contact\/nicole-schlueter\/\" \/>\n<meta property=\"og:locale\" content=\"en_US\" \/>\n<meta property=\"og:type\" content=\"article\" \/>\n<meta property=\"og:title\" content=\"Nicole Schl\u00fcter - BCA Business Coaching Akademie Hamburg\" \/>\n<meta property=\"og:description\" content=\"Contact our office team in Hamburg and L\u00fcbeck: Nicole Schl\u00fcter - BCA Business Coaching Akademie GmbH &amp; Co. KG, E-Mail: kontakt@coaching-im-business.de\" \/>\n<meta property=\"og:url\" content=\"https:\/\/coaching-im-business.de\/en\/contact\/nicole-schlueter\/\" \/>\n<meta property=\"og:site_name\" content=\"BCA Business Coaching Akademie\" \/>\n<meta property=\"article:modified_time\" content=\"2020-04-27T10:21:15+00:00\" \/>\n<meta name=\"twitter:card\" content=\"summary_large_image\" \/>\n<meta name=\"twitter:label1\" content=\"Est. reading time\" \/>\n\t<meta name=\"twitter:data1\" content=\"2 minutes\" \/>\n<script type=\"application\/ld+json\" class=\"yoast-schema-graph\">{\"@context\":\"https:\\\/\\\/schema.org\",\"@graph\":[{\"@type\":\"WebPage\",\"@id\":\"https:\\\/\\\/coaching-im-business.de\\\/en\\\/contact\\\/nicole-schlueter\\\/\",\"url\":\"https:\\\/\\\/coaching-im-business.de\\\/en\\\/contact\\\/nicole-schlueter\\\/\",\"name\":\"Nicole Schl\u00fcter - BCA Business Coaching Akademie Hamburg\",\"isPartOf\":{\"@id\":\"https:\\\/\\\/coaching-im-business.de\\\/en\\\/#website\"},\"datePublished\":\"2019-02-06T15:39:52+00:00\",\"dateModified\":\"2020-04-27T10:21:15+00:00\",\"description\":\"Contact our office team in Hamburg and L\u00fcbeck: Nicole Schl\u00fcter - BCA Business Coaching Akademie GmbH & Co. KG, E-Mail: kontakt@coaching-im-business.de\",\"breadcrumb\":{\"@id\":\"https:\\\/\\\/coaching-im-business.de\\\/en\\\/contact\\\/nicole-schlueter\\\/#breadcrumb\"},\"inLanguage\":\"en-US\",\"potentialAction\":[{\"@type\":\"ReadAction\",\"target\":[\"https:\\\/\\\/coaching-im-business.de\\\/en\\\/contact\\\/nicole-schlueter\\\/\"]}]},{\"@type\":\"BreadcrumbList\",\"@id\":\"https:\\\/\\\/coaching-im-business.de\\\/en\\\/contact\\\/nicole-schlueter\\\/#breadcrumb\",\"itemListElement\":[{\"@type\":\"ListItem\",\"position\":1,\"name\":\"Startseite\",\"item\":\"https:\\\/\\\/coaching-im-business.de\\\/en\\\/?page_id=11082\"},{\"@type\":\"ListItem\",\"position\":2,\"name\":\"Contact\",\"item\":\"https:\\\/\\\/coaching-im-business.de\\\/en\\\/?page_id=1773\"},{\"@type\":\"ListItem\",\"position\":3,\"name\":\"Nicole Schl\u00fcter\"}]},{\"@type\":\"WebSite\",\"@id\":\"https:\\\/\\\/coaching-im-business.de\\\/en\\\/#website\",\"url\":\"https:\\\/\\\/coaching-im-business.de\\\/en\\\/\",\"name\":\"BCA Business Coaching Akademie\",\"description\":\"Martina Martin &amp; Bettina Seidel-Whitelaw\",\"potentialAction\":[{\"@type\":\"SearchAction\",\"target\":{\"@type\":\"EntryPoint\",\"urlTemplate\":\"https:\\\/\\\/coaching-im-business.de\\\/en\\\/?s={search_term_string}\"},\"query-input\":{\"@type\":\"PropertyValueSpecification\",\"valueRequired\":true,\"valueName\":\"search_term_string\"}}],\"inLanguage\":\"en-US\"}]}<\/script>\n<!-- \/ Yoast SEO plugin. -->","yoast_head_json":{"title":"Nicole Schl\u00fcter - BCA Business Coaching Akademie Hamburg","description":"Contact our office team in Hamburg and L\u00fcbeck: Nicole Schl\u00fcter - BCA Business Coaching Akademie GmbH & Co. KG, E-Mail: kontakt@coaching-im-business.de","robots":{"index":"index","follow":"follow","max-snippet":"max-snippet:-1","max-image-preview":"max-image-preview:large","max-video-preview":"max-video-preview:-1"},"canonical":"https:\/\/coaching-im-business.de\/en\/contact\/nicole-schlueter\/","og_locale":"en_US","og_type":"article","og_title":"Nicole Schl\u00fcter - BCA Business Coaching Akademie Hamburg","og_description":"Contact our office team in Hamburg and L\u00fcbeck: Nicole Schl\u00fcter - BCA Business Coaching Akademie GmbH & Co. KG, E-Mail: kontakt@coaching-im-business.de","og_url":"https:\/\/coaching-im-business.de\/en\/contact\/nicole-schlueter\/","og_site_name":"BCA Business Coaching Akademie","article_modified_time":"2020-04-27T10:21:15+00:00","twitter_card":"summary_large_image","twitter_misc":{"Est. reading time":"2 minutes"},"schema":{"@context":"https:\/\/schema.org","@graph":[{"@type":"WebPage","@id":"https:\/\/coaching-im-business.de\/en\/contact\/nicole-schlueter\/","url":"https:\/\/coaching-im-business.de\/en\/contact\/nicole-schlueter\/","name":"Nicole Schl\u00fcter - BCA Business Coaching Akademie Hamburg","isPartOf":{"@id":"https:\/\/coaching-im-business.de\/en\/#website"},"datePublished":"2019-02-06T15:39:52+00:00","dateModified":"2020-04-27T10:21:15+00:00","description":"Contact our office team in Hamburg and L\u00fcbeck: Nicole Schl\u00fcter - BCA Business Coaching Akademie GmbH & Co. KG, E-Mail: kontakt@coaching-im-business.de","breadcrumb":{"@id":"https:\/\/coaching-im-business.de\/en\/contact\/nicole-schlueter\/#breadcrumb"},"inLanguage":"en-US","potentialAction":[{"@type":"ReadAction","target":["https:\/\/coaching-im-business.de\/en\/contact\/nicole-schlueter\/"]}]},{"@type":"BreadcrumbList","@id":"https:\/\/coaching-im-business.de\/en\/contact\/nicole-schlueter\/#breadcrumb","itemListElement":[{"@type":"ListItem","position":1,"name":"Startseite","item":"https:\/\/coaching-im-business.de\/en\/?page_id=11082"},{"@type":"ListItem","position":2,"name":"Contact","item":"https:\/\/coaching-im-business.de\/en\/?page_id=1773"},{"@type":"ListItem","position":3,"name":"Nicole Schl\u00fcter"}]},{"@type":"WebSite","@id":"https:\/\/coaching-im-business.de\/en\/#website","url":"https:\/\/coaching-im-business.de\/en\/","name":"BCA Business Coaching Akademie","description":"Martina Martin &amp; Bettina Seidel-Whitelaw","potentialAction":[{"@type":"SearchAction","target":{"@type":"EntryPoint","urlTemplate":"https:\/\/coaching-im-business.de\/en\/?s={search_term_string}"},"query-input":{"@type":"PropertyValueSpecification","valueRequired":true,"valueName":"search_term_string"}}],"inLanguage":"en-US"}]}},"_links":{"self":[{"href":"https:\/\/coaching-im-business.de\/en\/wp-json\/wp\/v2\/pages\/3764","targetHints":{"allow":["GET"]}}],"collection":[{"href":"https:\/\/coaching-im-business.de\/en\/wp-json\/wp\/v2\/pages"}],"about":[{"href":"https:\/\/coaching-im-business.de\/en\/wp-json\/wp\/v2\/types\/page"}],"author":[{"embeddable":true,"href":"https:\/\/coaching-im-business.de\/en\/wp-json\/wp\/v2\/users\/15"}],"replies":[{"embeddable":true,"href":"https:\/\/coaching-im-business.de\/en\/wp-json\/wp\/v2\/comments?post=3764"}],"version-history":[{"count":10,"href":"https:\/\/coaching-im-business.de\/en\/wp-json\/wp\/v2\/pages\/3764\/revisions"}],"predecessor-version":[{"id":5645,"href":"https:\/\/coaching-im-business.de\/en\/wp-json\/wp\/v2\/pages\/3764\/revisions\/5645"}],"up":[{"embeddable":true,"href":"https:\/\/coaching-im-business.de\/en\/wp-json\/wp\/v2\/pages\/1773"}],"wp:attachment":[{"href":"https:\/\/coaching-im-business.de\/en\/wp-json\/wp\/v2\/media?parent=3764"}],"curies":[{"name":"wp","href":"https:\/\/api.w.org\/{rel}","templated":true}]}}